{"id":713,"date":"2021-09-06T15:30:43","date_gmt":"2021-09-06T14:30:43","guid":{"rendered":"https:\/\/www.blastream.com\/v2\/?page_id=713"},"modified":"2021-12-02T14:40:11","modified_gmt":"2021-12-02T13:40:11","slug":"mentions-legales","status":"publish","type":"page","link":"https:\/\/blastream.mediactive-network.net\/fr\/mentions-legales\/","title":{"rendered":"Mentions l\u00e9gales"},"content":{"rendered":"<p>Stream Invaders (<a href=\"https:\/\/www.streaminvaders.com\/\" target=\"_blank\" rel=\"noopener noreferrer\">www.streaminvaders.com<\/a>)<\/p>\n<p>65 rue du chemin vert 75011 Paris<\/p>\n<p>contact@blastream.com<\/p>\n<p>Soci\u00e9t\u00e9 par actions simplifi\u00e9e\u00a0de 1 000 \u20ac<\/p>\n<p>SIREN: 838 235 778 SIRET: 838 235 778 00019 Code NAF\/APE: 6202A<\/p>\n<p>Immatriculation: 838 235 778 R.C.S. Paris<\/p>\n<p>N\u00b0 TVA intracommunautaire: FR52531816643<\/p>\n<p>Directeur de la publication: Emmanuel Freard<\/p>\n<p>www.blastream.com est h\u00e9berg\u00e9 chez OVH<br \/>\n2 rue Kellermann<br \/>\n59 100 Roubaix<br \/>\nFrance<\/p>\n<h2>Cookies<\/h2>\n<p>blastream.com utilise des cookies (traceurs). Ainsi, le site est susceptible d\u2019acc\u00e9der \u00e0 des informations d\u00e9j\u00e0 stock\u00e9es dans votre \u00e9quipement terminal de communications \u00e9lectroniques et d\u2019y inscrire des informations.<\/p>\n<p>Le site utilise exclusivement des traceurs dits \u00ab\u00a0strictement n\u00e9cessaires\u00a0\u00bb, qui ne n\u00e9cessitent pas votre consentement pr\u00e9alable.<\/p>\n<p>Nous utilisons ces traceurs pour permettre et faciliter la navigation sur le site notamment en m\u00e9morisant vos pr\u00e9f\u00e9rences de navigation d\u00e9finis au cours de votre session et de r\u00e9aliser des statistiques anonymes de visites.<\/p>\n<p>Ces traceurs ne peuvent pas, techniquement, \u00eatre d\u00e9sactiv\u00e9s depuis le site. Vous pouvez n\u00e9anmoins vous opposer \u00e0 l\u2019utilisation de ces traceurs, exclusivement en param\u00e9trant votre navigateur. Ce param\u00e9trage d\u00e9pend du navigateur<br \/>\nque vous utilisez, mais il est en g\u00e9n\u00e9ral simple \u00e0 r\u00e9aliser : en principe, vous pouvez soit activer une fonction de navigation priv\u00e9e soit uniquement interdire ou restreindre les traceurs (cookies). Attention, il se peut<br \/>\nque des traceurs aient \u00e9t\u00e9 enregistr\u00e9s sur votre p\u00e9riph\u00e9rique avant le param\u00e9trage de votre navigateur : dans ce cas, effacez votre historique de navigation, toujours en utilisant le param\u00e9trage de votre navigateur.<\/p>\n<p>L\u2019utilisation des traceurs est r\u00e9gie par l\u2019article 32 II de la loi n\u00b0 78-17 du 6 janvier 1978, transposant l\u2019article 5.3 de la directive 20<\/p>\n<p>02\/58\/CE du parlement europ\u00e9en et du conseil du 12 juillet 2002 modifi\u00e9e par la directive 2009\/136\/CE.<\/p>\n<p>Pour en savoir plus sur les cookies et traceurs, nous vous invitons \u00e0 consulter le site de la CNIL : www.cnil.fr.<\/p>\n<h2>Google data<\/h2>\n<p>L&#8217;email, le pr\u00e9nom et le nom de famille sont utilis\u00e9s pour cr\u00e9er ou se connecter \u00e0 un compte pour blastream. Les informations sont stock\u00e9es dans notre base de donn\u00e9es mais ne sont pas partag\u00e9es au public et restent strictement priv\u00e9es<\/p>\n<p>Les informations YouTube sont utilis\u00e9es pour cr\u00e9er un \u00e9v\u00e9nement en direct, blastream stocke l&rsquo;URL rtmp et la cl\u00e9 de flux pour diffuser en direct sur votre compte youtube. Les informations sont stock\u00e9es dans notre base de donn\u00e9es mais ne sont pas partag\u00e9es au public et restent strictement priv\u00e9es<\/p>\n<p>Plus d&rsquo;information : <a href=\"https:\/\/www.youtube.com\/t\/terms\" target=\"_blank\" rel=\"noopener\">YouTube Terms of Service<\/a><\/p>\n<p>Les informations en lecture seule de Google Drive sont utilis\u00e9es pour obtenir des fichiers \u00e0 partir de votre compte Google Drive afin que vous puissiez facilement partager un document sur let tchat ou dans la vid\u00e9o. Les informations ne sont pas stock\u00e9es et ne sont pas partag\u00e9es, nous les utilisons une seule fois pour obtenir la liste des fichiers et une version pdf du fichier si vous souhaitez le partager<\/p>\n<h2>Donn\u00e9es personnelles<\/h2>\n<p>Le Site, met en \u0153uvre un syst\u00e8me de collecte et de traitement de donn\u00e9es personnelles \u00e9chang\u00e9es \u00e0 l&rsquo;occasion de l&rsquo;acc\u00e8s d&rsquo;un Utilisateur au Site.<\/p>\n<p>En cons\u00e9quence, le fichier, et les traitements s&rsquo;y rapportant, recueillant les donn\u00e9es personnelles des Utilisateurs a \u00e9t\u00e9 d\u00e9clar\u00e9 \u00e0 la Commission Nationale de l&rsquo;Informatique et des Libert\u00e9s (CNIL)<\/p>\n<p><b>1. Donn\u00e9es communiqu\u00e9es lors de l&rsquo;inscription depuis le formulaire d&rsquo;inscription ou un r\u00e9seau social (Facebook connect, Twitch TV, Google connect, Twitter connect)<\/b><\/p>\n<p>Ces donn\u00e9es sont collect\u00e9es pour permettre \u00e0 l&rsquo;Utilisateur d&rsquo;acc\u00e9der \u00e0 l&rsquo;ensemble des fonctionnalit\u00e9s des Services auxquels il a volontairement souscrit en proc\u00e9dant \u00e0 son Inscription.<\/p>\n<p>Il s&rsquo;agit de l&rsquo;adresse email, nom, pr\u00e9nom.<\/p>\n<p>L&rsquo;Utilisateur est syst\u00e9matiquement inform\u00e9 du caract\u00e8re obligatoire ou facultatif des donn\u00e9es demand\u00e9es, pour lui permettre d&rsquo;acc\u00e9der aux Services.<\/p>\n<p><b>2. Informations collect\u00e9es \u00e0 chaque visite de l&rsquo;Utilisateur sur le Site<\/b><\/p>\n<p>Ces informations non nominatives ne permettent pas \u00e0 blastream d&rsquo;identifier l&rsquo;Utilisateur personnellement avant d&rsquo;\u00eatre li\u00e9es au Profil d&rsquo;un Utilisateur.<\/p>\n<p>Il s&rsquo;agit de :<\/p>\n<p>L&rsquo;adresse IP ;<\/p>\n<p>Les donn\u00e9es collect\u00e9es par le vecteur des cookies. A ce titre, Blastream renvoie l&rsquo;Utilisateur \u00e0 sa politique li\u00e9e \u00e0 l&rsquo;utilisation des cookies accessible sur le Site ;<\/p>\n<p><b>3. Toute donn\u00e9e \u00e0 caract\u00e8re personnel concernant l&rsquo;Utilisateur est collect\u00e9e directement sur le Site.<\/b><br \/>\nL&rsquo;Utilisateur dispose d&rsquo;un droit d&rsquo;opposition, d&rsquo;acc\u00e8s, de rectification et de suppression sur les donn\u00e9es \u00e0 caract\u00e8re personnel le concernant.<\/p>\n<p>Pour exercer ses droits, l&rsquo;Utilisateur doit adresser un courriel au Site via le formulaire suivant : <a href=\"https:\/\/www.blastream.com\/fr\/contact\">https:\/\/www.blastream.com\/fr\/contact<\/a><\/p>\n<h2>Confidentialit\u00e9 et s\u00e9curit\u00e9 des informations et donn\u00e9es<\/h2>\n<p>Comme le d\u00e9finit le R\u00e8glement G\u00e9n\u00e9ral sur la Protection des Donn\u00e9es n\u00b02016\/679 du 27 avril 2016 (RGPD), nous vous informons, \u00e0 ce titre, que nous utilisons et conservons vos donn\u00e9es conform\u00e9ment \u00e0 la r\u00e9glementation en vigueur.<br \/>\nNous nous engageons \u00e0 pr\u00e9server la confidentialit\u00e9 et \u00e0 maintenir un niveau de protection \u00e9lev\u00e9 de l\u2019ensemble de vos donn\u00e9es.<\/p>\n<p>Nous ne recueillons que des donn\u00e9es \u00e0 but commercial, donn\u00e9s que vous nous avez fourni lors de l\u2019ouverture de votre compte, d\u2019une commande ou une demande de devis, de la cr\u00e9ation d\u2019un profil sur notre site, ou lors de votre<br \/>\ninscription \u00e0 la newsletter.<\/p>\n<p>Ces donn\u00e9es ne seront en aucun cas revendues ou utilis\u00e9s autrement que dans le cadre d\u2019une d\u00e9marche commerciale. Elles sont h\u00e9berg\u00e9es sur les serveurs de notre h\u00e9bergeur ainsi que sur nos propres serveurs. Notre site utilise<br \/>\ndes outils fournit par Google afin de nous permettre d\u2019\u00e9valuer la pertinence et l\u2019int\u00e9r\u00eat que nos visiteurs portent \u00e0 notre contenu et \u00e0 nos newsletter.<\/p>\n<p>En donnant votre consentement, vous acceptez de recevoir des informations susceptibles de vous int\u00e9resser.<\/p>\n<p>Conform\u00e9ment au RGPD, vous b\u00e9n\u00e9ficiez d\u2019un droit d\u2019acc\u00e8s, de rectification, d\u2019effacement et d\u2019opposition au traitement de vos donn\u00e9es personnelles ainsi qu\u2019un droit \u00e0 la limitation et \u00e0 la portabilit\u00e9 de vos donn\u00e9es. Vous pouvez<br \/>\nexercer vos droits en nous adressant un email \u00e0 : contact@blastream.com<\/p>\n","protected":false},"excerpt":{"rendered":"<p>Stream Invaders (www.streaminvaders.com) 65 rue du chemin vert 75011 Paris contact@blastream.com Soci\u00e9t\u00e9 par actions simplifi\u00e9e\u00a0de 1 000 \u20ac SIREN: 838 235 778 SIRET: 838 235 778 00019 Code NAF\/APE: 6202A Immatriculation: 838 235 778 R.C.S. Paris N\u00b0 TVA intracommunautaire: FR52531816643 Directeur de la publication: Emmanuel Freard www.blastream.com est h\u00e9berg\u00e9 chez OVH 2 rue Kellermann 59 [&hellip;]<\/p>\n","protected":false},"author":1,"featured_media":0,"parent":0,"menu_order":0,"comment_status":"closed","ping_status":"closed","template":"","meta":{"_acf_changed":false,"_monsterinsights_skip_tracking":false,"_monsterinsights_sitenote_active":false,"_monsterinsights_sitenote_note":"","_monsterinsights_sitenote_category":0,"footnotes":""},"acf":[],"aioseo_notices":[],"_links":{"self":[{"href":"https:\/\/blastream.mediactive-network.net\/fr\/wp-json\/wp\/v2\/pages\/713"}],"collection":[{"href":"https:\/\/blastream.mediactive-network.net\/fr\/wp-json\/wp\/v2\/pages"}],"about":[{"href":"https:\/\/blastream.mediactive-network.net\/fr\/wp-json\/wp\/v2\/types\/page"}],"author":[{"embeddable":true,"href":"https:\/\/blastream.mediactive-network.net\/fr\/wp-json\/wp\/v2\/users\/1"}],"replies":[{"embeddable":true,"href":"https:\/\/blastream.mediactive-network.net\/fr\/wp-json\/wp\/v2\/comments?post=713"}],"version-history":[{"count":2,"href":"https:\/\/blastream.mediactive-network.net\/fr\/wp-json\/wp\/v2\/pages\/713\/revisions"}],"predecessor-version":[{"id":1763,"href":"https:\/\/blastream.mediactive-network.net\/fr\/wp-json\/wp\/v2\/pages\/713\/revisions\/1763"}],"wp:attachment":[{"href":"https:\/\/blastream.mediactive-network.net\/fr\/wp-json\/wp\/v2\/media?parent=713"}],"curies":[{"name":"wp","href":"https:\/\/api.w.org\/{rel}","templated":true}]}}