{"id":1852,"date":"2022-01-11T18:26:41","date_gmt":"2022-01-11T17:26:41","guid":{"rendered":"https:\/\/www.blastream.com\/?page_id=1852"},"modified":"2022-12-28T01:57:58","modified_gmt":"2022-12-28T00:57:58","slug":"reserver-une-demo","status":"publish","type":"page","link":"https:\/\/blastream.mediactive-network.net\/fr\/reserver-une-demo\/","title":{"rendered":"R\u00e9server une d\u00e9mo"},"content":{"rendered":"<p><center><strong>Remplissez notre formulaire afin que nos \u00e9quipes vous contact dans les plus brefs d\u00e9lais pour une d\u00e9monstration gratuite.<\/strong><\/center><\/p>\n<p style=\"text-align: left;\"><iframe class=\"blastream-contact-form lazyload\" frameborder=\"0\" data-src=\"https:\/\/www.blastream.com\/contactdesk\/\" width=\"100%\" height=\"500px\" src=\"data:image\/svg+xml;base64,PHN2ZyB3aWR0aD0iMSIgaGVpZ2h0PSIxIiB4bWxucz0iaHR0cDovL3d3dy53My5vcmcvMjAwMC9zdmciPjwvc3ZnPg==\" data-load-mode=\"1\"><\/iframe><\/p>\n","protected":false},"excerpt":{"rendered":"<p>Remplissez notre formulaire afin que nos \u00e9quipes vous contact dans les plus brefs d\u00e9lais pour une d\u00e9monstration gratuite.<\/p>\n","protected":false},"author":1,"featured_media":0,"parent":0,"menu_order":0,"comment_status":"closed","ping_status":"closed","template":"","meta":{"_acf_changed":false,"_monsterinsights_skip_tracking":false,"_monsterinsights_sitenote_active":false,"_monsterinsights_sitenote_note":"","_monsterinsights_sitenote_category":0,"footnotes":""},"acf":[],"aioseo_notices":[],"_links":{"self":[{"href":"https:\/\/blastream.mediactive-network.net\/fr\/wp-json\/wp\/v2\/pages\/1852"}],"collection":[{"href":"https:\/\/blastream.mediactive-network.net\/fr\/wp-json\/wp\/v2\/pages"}],"about":[{"href":"https:\/\/blastream.mediactive-network.net\/fr\/wp-json\/wp\/v2\/types\/page"}],"author":[{"embeddable":true,"href":"https:\/\/blastream.mediactive-network.net\/fr\/wp-json\/wp\/v2\/users\/1"}],"replies":[{"embeddable":true,"href":"https:\/\/blastream.mediactive-network.net\/fr\/wp-json\/wp\/v2\/comments?post=1852"}],"version-history":[{"count":9,"href":"https:\/\/blastream.mediactive-network.net\/fr\/wp-json\/wp\/v2\/pages\/1852\/revisions"}],"predecessor-version":[{"id":2831,"href":"https:\/\/blastream.mediactive-network.net\/fr\/wp-json\/wp\/v2\/pages\/1852\/revisions\/2831"}],"wp:attachment":[{"href":"https:\/\/blastream.mediactive-network.net\/fr\/wp-json\/wp\/v2\/media?parent=1852"}],"curies":[{"name":"wp","href":"https:\/\/api.w.org\/{rel}","templated":true}]}}